{"id":28841,"date":"2024-03-24T20:23:40","date_gmt":"2024-03-24T20:23:40","guid":{"rendered":"https:\/\/zobozdravstvo-mulh.si\/?page_id=28841"},"modified":"2024-03-24T20:25:23","modified_gmt":"2024-03-24T20:25:23","slug":"estetsko-zobozdravstvo","status":"publish","type":"page","link":"https:\/\/zobozdravstvo-mulh.si\/en_gb\/storitve\/estetsko-zobozdravstvo\/","title":{"rendered":"Estetsko zobozdravstvo"},"content":{"rendered":"<div data-elementor-type=\"wp-page\" data-elementor-id=\"28841\" class=\"elementor elementor-28841\">\n\t\t\t\t\t\t<section class=\"elementor-section elementor-top-section elementor-element elementor-element-4c036f9e elementor-section-boxed elementor-section-height-default elementor-section-height-default\" data-id=\"4c036f9e\" data-element_type=\"section\">\n\t\t\t\t\t\t<div class=\"elementor-container elementor-column-gap-default\">\n\t\t\t\t\t<div class=\"elementor-column elementor-col-100 elementor-top-column elementor-element elementor-element-5bd893a8\" data-id=\"5bd893a8\" data-element_type=\"column\">\n\t\t\t<div class=\"elementor-widget-wrap elementor-element-populated\">\n\t\t\t\t\t\t<div class=\"elementor-element elementor-element-56b67693 elementor-widget elementor-widget-text-editor\" data-id=\"56b67693\" data-element_type=\"widget\" data-widget_type=\"text-editor.default\">\n\t\t\t\t<div class=\"elementor-widget-container\">\n\t\t\t<style>\/*! elementor - v3.20.0 - 26-03-2024 *\/\n.elementor-widget-text-editor.elementor-drop-cap-view-stacked .elementor-drop-cap{background-color:#69727d;color:#fff}.elementor-widget-text-editor.elementor-drop-cap-view-framed .elementor-drop-cap{color:#69727d;border:3px solid;background-color:transparent}.elementor-widget-text-editor:not(.elementor-drop-cap-view-default) .elementor-drop-cap{margin-top:8px}.elementor-widget-text-editor:not(.elementor-drop-cap-view-default) .elementor-drop-cap-letter{width:1em;height:1em}.elementor-widget-text-editor .elementor-drop-cap{float:left;text-align:center;line-height:1;font-size:50px}.elementor-widget-text-editor .elementor-drop-cap-letter{display:inline-block}<\/style>\t\t\t\t<p><!-- wp:paragraph --><\/p>\n<p>Lep, skladen in harmoni\u010den nasmeh je odraz dobrega ustnega zdravja in predvsem dobrega po\u010dutja.<\/p>\n<p>\u00a0<\/p>\n<p><a href=\"https:\/\/zobozdravstvo-mulh.si\/en_gb\/cenik\/\">Cenik<\/a><\/p>\n<p>\u00a0<\/p>\n<div class=\"wp-block-columns\">\n<div class=\"wp-block-column\">\n<div class=\"wp-block-group\">\n<div class=\"wp-block-group\">\n<div class=\"wp-block-columns\">\n<div class=\"wp-block-column\" style=\"flex-basis: 100%;\">\n<div class=\"wp-block-columns\">\n<div class=\"wp-block-column\" style=\"flex-basis: 100%;\">\n<p><!-- \/wp:paragraph --><\/p>\n<\/div>\n<p><!-- \/wp:column --><\/p>\n<\/div>\n<p><!-- \/wp:columns --><\/p>\n<\/div>\n<p><!-- \/wp:column --><\/p>\n<\/div>\n<p><!-- \/wp:columns --><\/p>\n<\/div>\n<p><!-- \/wp:group --><\/p>\n<\/div>\n<p><!-- \/wp:group --><\/p>\n<\/div>\n<p><!-- \/wp:column --><\/p>\n<\/div>\n<p><!-- \/wp:columns --><\/p>\t\t\t\t\t\t<\/div>\n\t\t\t\t<\/div>\n\t\t\t\t\t<\/div>\n\t\t<\/div>\n\t\t\t\t\t<\/div>\n\t\t<\/section>\n\t\t<div class=\"elementor-element elementor-element-af333d5 e-flex e-con-boxed e-con e-parent\" data-id=\"af333d5\" data-element_type=\"container\" data-core-v316-plus=\"true\">\n\t\t\t\t\t<div class=\"e-con-inner\">\n\t\t\t\t<div class=\"elementor-element elementor-element-6e9d7e4 elementor-widget elementor-widget-text-editor\" data-id=\"6e9d7e4\" data-element_type=\"widget\" data-widget_type=\"text-editor.default\">\n\t\t\t\t<div class=\"elementor-widget-container\">\n\t\t\t\t\t\t\t<p>\u010di\u0161\u010denje kamna, zobozdravnik \u010dakalne dobe, samopla\u010dni\u0161ko, zobozdravnik ivan\u010dna gorica, najbolj\u0161i zobozdravnik<\/p>\t\t\t\t\t\t<\/div>\n\t\t\t\t<\/div>\n\t\t\t\t\t<\/div>\n\t\t\t\t<\/div>\n\t\t\t\t<\/div>","protected":false},"excerpt":{"rendered":"<p>Lep, skladen in harmoni\u010den nasmeh je odraz dobrega ustnega zdravja in predvsem dobrega po\u010dutja. \u00a0 Cenik \u00a0 \u010di\u0161\u010denje kamna, zobozdravnik \u010dakalne dobe, samopla\u010dni\u0161ko, zobozdravnik ivan\u010dna gorica, najbolj\u0161i zobozdravnik<\/p>","protected":false},"author":1,"featured_media":0,"parent":27591,"menu_order":0,"comment_status":"closed","ping_status":"closed","template":"","meta":{"om_disable_all_campaigns":false,"_monsterinsights_skip_tracking":false,"_monsterinsights_sitenote_active":false,"_monsterinsights_sitenote_note":"","_monsterinsights_sitenote_category":0,"_uf_show_specific_survey":0,"_uf_disable_surveys":false,"footnotes":""},"class_list":["post-28841","page","type-page","status-publish","hentry"],"yoast_head":"<!-- This site is optimized with the Yoast SEO plugin v25.0 - https:\/\/yoast.com\/wordpress\/plugins\/seo\/ -->\n<title>Estetsko zobozdravstvo - Zobozdravstvo Mulh<\/title>\n<meta name=\"description\" content=\"ekstrakcija zoba granulom puljenjezobozdravnik \u010dakalne dobe implantati protetika \u010di\u0161\u010denje kamna\" \/>\n<meta name=\"robots\" content=\"index, follow, max-snippet:-1, max-image-preview:large, max-video-preview:-1\" \/>\n<link rel=\"canonical\" href=\"https:\/\/zobozdravstvo-mulh.si\/en_gb\/storitve\/estetsko-zobozdravstvo\/\" \/>\n<meta property=\"og:locale\" content=\"en_GB\" \/>\n<meta property=\"og:type\" content=\"article\" \/>\n<meta property=\"og:title\" content=\"Estetsko zobozdravstvo - Zobozdravstvo Mulh\" \/>\n<meta property=\"og:description\" content=\"ekstrakcija zoba granulom puljenjezobozdravnik \u010dakalne dobe implantati protetika \u010di\u0161\u010denje kamna\" \/>\n<meta property=\"og:url\" content=\"https:\/\/zobozdravstvo-mulh.si\/en_gb\/storitve\/estetsko-zobozdravstvo\/\" \/>\n<meta property=\"og:site_name\" content=\"Zobozdravstvo Mulh\" \/>\n<meta property=\"article:modified_time\" content=\"2024-03-24T20:25:23+00:00\" \/>\n<meta property=\"og:image\" content=\"https:\/\/zobozdravstvo-mulh.si\/wp-content\/uploads\/2023\/08\/logoround.png\" \/>\n\t<meta property=\"og:image:width\" content=\"2400\" \/>\n\t<meta property=\"og:image:height\" content=\"2400\" \/>\n\t<meta property=\"og:image:type\" content=\"image\/png\" \/>\n<meta name=\"twitter:card\" content=\"summary_large_image\" \/>\n<meta name=\"twitter:label1\" content=\"Est. reading time\" \/>\n\t<meta name=\"twitter:data1\" content=\"1 minute\" \/>\n<script type=\"application\/ld+json\" class=\"yoast-schema-graph\">{\"@context\":\"https:\/\/schema.org\",\"@graph\":[{\"@type\":\"WebPage\",\"@id\":\"https:\/\/zobozdravstvo-mulh.si\/storitve\/estetsko-zobozdravstvo\/\",\"url\":\"https:\/\/zobozdravstvo-mulh.si\/storitve\/estetsko-zobozdravstvo\/\",\"name\":\"Estetsko zobozdravstvo - Zobozdravstvo Mulh\",\"isPartOf\":{\"@id\":\"https:\/\/zobozdravstvo-mulh.si\/#website\"},\"datePublished\":\"2024-03-24T20:23:40+00:00\",\"dateModified\":\"2024-03-24T20:25:23+00:00\",\"description\":\"ekstrakcija zoba granulom puljenjezobozdravnik \u010dakalne dobe implantati protetika \u010di\u0161\u010denje kamna\",\"breadcrumb\":{\"@id\":\"https:\/\/zobozdravstvo-mulh.si\/storitve\/estetsko-zobozdravstvo\/#breadcrumb\"},\"inLanguage\":\"en-GB\",\"potentialAction\":[{\"@type\":\"ReadAction\",\"target\":[\"https:\/\/zobozdravstvo-mulh.si\/storitve\/estetsko-zobozdravstvo\/\"]}]},{\"@type\":\"BreadcrumbList\",\"@id\":\"https:\/\/zobozdravstvo-mulh.si\/storitve\/estetsko-zobozdravstvo\/#breadcrumb\",\"itemListElement\":[{\"@type\":\"ListItem\",\"position\":1,\"name\":\"Home\",\"item\":\"https:\/\/zobozdravstvo-mulh.si\/\"},{\"@type\":\"ListItem\",\"position\":2,\"name\":\"Storitve\",\"item\":\"https:\/\/zobozdravstvo-mulh.si\/storitve\/\"},{\"@type\":\"ListItem\",\"position\":3,\"name\":\"Estetsko zobozdravstvo\"}]},{\"@type\":\"WebSite\",\"@id\":\"https:\/\/zobozdravstvo-mulh.si\/#website\",\"url\":\"https:\/\/zobozdravstvo-mulh.si\/\",\"name\":\"Zobozdravstvo Mulh\",\"description\":\"Zobozdravstvena ordinacija Mulh\",\"publisher\":{\"@id\":\"https:\/\/zobozdravstvo-mulh.si\/#organization\"},\"alternateName\":\"Zobozdravnik\",\"potentialAction\":[{\"@type\":\"SearchAction\",\"target\":{\"@type\":\"EntryPoint\",\"urlTemplate\":\"https:\/\/zobozdravstvo-mulh.si\/?s={search_term_string}\"},\"query-input\":{\"@type\":\"PropertyValueSpecification\",\"valueRequired\":true,\"valueName\":\"search_term_string\"}}],\"inLanguage\":\"en-GB\"},{\"@type\":\"Organization\",\"@id\":\"https:\/\/zobozdravstvo-mulh.si\/#organization\",\"name\":\"Zobozdravstvo Mulh\",\"alternateName\":\"Zobozdravstvena ordinacija Mulh\",\"url\":\"https:\/\/zobozdravstvo-mulh.si\/\",\"logo\":{\"@type\":\"ImageObject\",\"inLanguage\":\"en-GB\",\"@id\":\"https:\/\/zobozdravstvo-mulh.si\/#\/schema\/logo\/image\/\",\"url\":\"https:\/\/zobozdravstvo-mulh.si\/wp-content\/uploads\/2023\/08\/logoround2.png\",\"contentUrl\":\"https:\/\/zobozdravstvo-mulh.si\/wp-content\/uploads\/2023\/08\/logoround2.png\",\"width\":2400,\"height\":2400,\"caption\":\"Zobozdravstvo Mulh\"},\"image\":{\"@id\":\"https:\/\/zobozdravstvo-mulh.si\/#\/schema\/logo\/image\/\"}}]}<\/script>\n<!-- \/ Yoast SEO plugin. -->","yoast_head_json":{"title":"Estetsko zobozdravstvo - Zobozdravstvo Mulh","description":"ekstrakcija zoba granulom puljenjezobozdravnik \u010dakalne dobe implantati protetika \u010di\u0161\u010denje kamna","robots":{"index":"index","follow":"follow","max-snippet":"max-snippet:-1","max-image-preview":"max-image-preview:large","max-video-preview":"max-video-preview:-1"},"canonical":"https:\/\/zobozdravstvo-mulh.si\/en_gb\/storitve\/estetsko-zobozdravstvo\/","og_locale":"en_GB","og_type":"article","og_title":"Estetsko zobozdravstvo - Zobozdravstvo Mulh","og_description":"ekstrakcija zoba granulom puljenjezobozdravnik \u010dakalne dobe implantati protetika \u010di\u0161\u010denje kamna","og_url":"https:\/\/zobozdravstvo-mulh.si\/en_gb\/storitve\/estetsko-zobozdravstvo\/","og_site_name":"Zobozdravstvo Mulh","article_modified_time":"2024-03-24T20:25:23+00:00","og_image":[{"width":2400,"height":2400,"url":"https:\/\/zobozdravstvo-mulh.si\/wp-content\/uploads\/2023\/08\/logoround.png","type":"image\/png"}],"twitter_card":"summary_large_image","twitter_misc":{"Est. reading time":"1 minute"},"schema":{"@context":"https:\/\/schema.org","@graph":[{"@type":"WebPage","@id":"https:\/\/zobozdravstvo-mulh.si\/storitve\/estetsko-zobozdravstvo\/","url":"https:\/\/zobozdravstvo-mulh.si\/storitve\/estetsko-zobozdravstvo\/","name":"Estetsko zobozdravstvo - Zobozdravstvo Mulh","isPartOf":{"@id":"https:\/\/zobozdravstvo-mulh.si\/#website"},"datePublished":"2024-03-24T20:23:40+00:00","dateModified":"2024-03-24T20:25:23+00:00","description":"ekstrakcija zoba granulom puljenjezobozdravnik \u010dakalne dobe implantati protetika \u010di\u0161\u010denje kamna","breadcrumb":{"@id":"https:\/\/zobozdravstvo-mulh.si\/storitve\/estetsko-zobozdravstvo\/#breadcrumb"},"inLanguage":"en-GB","potentialAction":[{"@type":"ReadAction","target":["https:\/\/zobozdravstvo-mulh.si\/storitve\/estetsko-zobozdravstvo\/"]}]},{"@type":"BreadcrumbList","@id":"https:\/\/zobozdravstvo-mulh.si\/storitve\/estetsko-zobozdravstvo\/#breadcrumb","itemListElement":[{"@type":"ListItem","position":1,"name":"Home","item":"https:\/\/zobozdravstvo-mulh.si\/"},{"@type":"ListItem","position":2,"name":"Storitve","item":"https:\/\/zobozdravstvo-mulh.si\/storitve\/"},{"@type":"ListItem","position":3,"name":"Estetsko zobozdravstvo"}]},{"@type":"WebSite","@id":"https:\/\/zobozdravstvo-mulh.si\/#website","url":"https:\/\/zobozdravstvo-mulh.si\/","name":"Zobozdravstvo Mulh","description":"Zobozdravstvena ordinacija Mulh","publisher":{"@id":"https:\/\/zobozdravstvo-mulh.si\/#organization"},"alternateName":"Zobozdravnik","potentialAction":[{"@type":"SearchAction","target":{"@type":"EntryPoint","urlTemplate":"https:\/\/zobozdravstvo-mulh.si\/?s={search_term_string}"},"query-input":{"@type":"PropertyValueSpecification","valueRequired":true,"valueName":"search_term_string"}}],"inLanguage":"en-GB"},{"@type":"Organization","@id":"https:\/\/zobozdravstvo-mulh.si\/#organization","name":"Zobozdravstvo Mulh","alternateName":"Zobozdravstvena ordinacija Mulh","url":"https:\/\/zobozdravstvo-mulh.si\/","logo":{"@type":"ImageObject","inLanguage":"en-GB","@id":"https:\/\/zobozdravstvo-mulh.si\/#\/schema\/logo\/image\/","url":"https:\/\/zobozdravstvo-mulh.si\/wp-content\/uploads\/2023\/08\/logoround2.png","contentUrl":"https:\/\/zobozdravstvo-mulh.si\/wp-content\/uploads\/2023\/08\/logoround2.png","width":2400,"height":2400,"caption":"Zobozdravstvo Mulh"},"image":{"@id":"https:\/\/zobozdravstvo-mulh.si\/#\/schema\/logo\/image\/"}}]}},"_links":{"self":[{"href":"https:\/\/zobozdravstvo-mulh.si\/en_gb\/wp-json\/wp\/v2\/pages\/28841","targetHints":{"allow":["GET"]}}],"collection":[{"href":"https:\/\/zobozdravstvo-mulh.si\/en_gb\/wp-json\/wp\/v2\/pages"}],"about":[{"href":"https:\/\/zobozdravstvo-mulh.si\/en_gb\/wp-json\/wp\/v2\/types\/page"}],"author":[{"embeddable":true,"href":"https:\/\/zobozdravstvo-mulh.si\/en_gb\/wp-json\/wp\/v2\/users\/1"}],"replies":[{"embeddable":true,"href":"https:\/\/zobozdravstvo-mulh.si\/en_gb\/wp-json\/wp\/v2\/comments?post=28841"}],"version-history":[{"count":4,"href":"https:\/\/zobozdravstvo-mulh.si\/en_gb\/wp-json\/wp\/v2\/pages\/28841\/revisions"}],"predecessor-version":[{"id":28845,"href":"https:\/\/zobozdravstvo-mulh.si\/en_gb\/wp-json\/wp\/v2\/pages\/28841\/revisions\/28845"}],"up":[{"embeddable":true,"href":"https:\/\/zobozdravstvo-mulh.si\/en_gb\/wp-json\/wp\/v2\/pages\/27591"}],"wp:attachment":[{"href":"https:\/\/zobozdravstvo-mulh.si\/en_gb\/wp-json\/wp\/v2\/media?parent=28841"}],"curies":[{"name":"wp","href":"https:\/\/api.w.org\/{rel}","templated":true}]}}